{"id":54,"date":"2024-01-04T09:31:32","date_gmt":"2024-01-04T08:31:32","guid":{"rendered":"https:\/\/mdeo7.ifcmontpellier.fr\/?page_id=54"},"modified":"2024-05-16T15:14:32","modified_gmt":"2024-05-16T13:14:32","slug":"oiseaux-de-compagnie","status":"publish","type":"page","link":"https:\/\/mdeo7.ifcmontpellier.fr\/index.php\/categories\/oiseaux-de-compagnie\/","title":{"rendered":"Oiseaux"},"content":{"rendered":"\n<div class=\"wp-block-group alignfull has-accent-background-color has-background has-global-padding is-layout-constrained wp-container-core-group-is-layout-669513ed wp-block-group-is-layout-constrained\" style=\"margin-top:0;margin-bottom:0;padding-top:var(--wp--preset--spacing--50);padding-right:var(--wp--preset--spacing--50);padding-bottom:var(--wp--preset--spacing--50);padding-left:var(--wp--preset--spacing--50)\">\n<figure class=\"wp-block-image aligncenter size-full\"><img loading=\"lazy\" decoding=\"async\" width=\"512\" height=\"512\" src=\"https:\/\/mdeo7.ifcmontpellier.fr\/wp-content\/uploads\/2024\/05\/oiseaux-couleurs-1.webp\" alt=\"\" class=\"wp-image-285\" srcset=\"https:\/\/mdeo7.ifcmontpellier.fr\/wp-content\/uploads\/2024\/05\/oiseaux-couleurs-1.webp 512w, https:\/\/mdeo7.ifcmontpellier.fr\/wp-content\/uploads\/2024\/05\/oiseaux-couleurs-1-300x300.webp 300w, https:\/\/mdeo7.ifcmontpellier.fr\/wp-content\/uploads\/2024\/05\/oiseaux-couleurs-1-150x150.webp 150w, https:\/\/mdeo7.ifcmontpellier.fr\/wp-content\/uploads\/2024\/05\/oiseaux-couleurs-1-100x100.webp 100w\" sizes=\"auto, (max-width: 512px) 100vw, 512px\" \/><\/figure>\n\n\n\n<p>Avoir un oiseaux de compagnie comme compagnon apporte son lot d&#8217;<a href=\"#oiseaux-avantages\">avantages<\/a> et d&#8217;<a href=\"#oiseaux-inconv\u00e9nients\">inconv\u00e9nients<\/a>. Formant une relation particuli\u00e8re entre l&#8217;homme et son fid\u00e8le ami.<\/p>\n\n\n\n<div class=\"wp-block-columns is-layout-flex wp-container-core-columns-is-layout-28f84493 wp-block-columns-is-layout-flex\">\n<div class=\"wp-block-column is-layout-flow wp-block-column-is-layout-flow\" style=\"flex-basis:100%\">\n<div id=\"oiseaux-avantages\" class=\"wp-block-group is-layout-flow wp-block-group-is-layout-flow\">\n<h2 class=\"wp-block-heading\">Avantage : <\/h2>\n\n\n\n<p class=\"has-base-2-background-color has-background\"><strong>Intelligence et Interaction :<\/strong> Les oiseaux, en particulier les perroquets, sont connus pour leur intelligence. Leur capacit\u00e9 \u00e0 interagir avec leurs propri\u00e9taires, cr\u00e9ant ainsi des liens \u00e9troits.<br><strong>Chant M\u00e9lodieux :<\/strong> De nombreux oiseaux sont c\u00e9l\u00e8bres pour leur chant m\u00e9lodieux, cr\u00e9ant ainsi une atmosph\u00e8re plaisante et harmonieuse dans la maison.<br><strong>Taille G\u00e9rable :<\/strong> Compar\u00e9s \u00e0 d&#8217;autres animaux de compagnie, les oiseaux occupent moins d&#8217;espace et sont g\u00e9n\u00e9ralement plus faciles \u00e0 loger.<br><strong>Entretien Relativement Facile :<\/strong> En g\u00e9n\u00e9ral, les oiseaux peuvent \u00eatre des animaux de compagnie \u00e0 l&#8217;entretien relativement facile, en particulier les esp\u00e8ces plus petites.<br><strong>Long\u00e9vit\u00e9 :<\/strong> De nombreux oiseaux ont une long\u00e9vit\u00e9 significative, ce qui peut offrir une compagnie durable \u00e0 leurs propri\u00e9taires.<\/p>\n<\/div>\n<\/div>\n<\/div>\n\n\n\n<p><\/p>\n\n\n\n<div class=\"wp-block-columns is-layout-flex wp-container-core-columns-is-layout-28f84493 wp-block-columns-is-layout-flex\">\n<div class=\"wp-block-column is-layout-flow wp-block-column-is-layout-flow\" style=\"flex-basis:100%\">\n<div class=\"wp-block-columns is-layout-flex wp-container-core-columns-is-layout-28f84493 wp-block-columns-is-layout-flex\">\n<div class=\"wp-block-column is-layout-flow wp-block-column-is-layout-flow\" style=\"flex-basis:100%\">\n<div id=\"oiseaux-inconv\u00e9nients\" class=\"wp-block-group is-layout-flow wp-block-group-is-layout-flow\">\n<h2 class=\"wp-block-heading\">Chose \u00e0 prendre en compte : <\/h2>\n\n\n\n<p class=\"has-base-2-background-color has-background\"><strong>Demandes en Temps et en Attention :<\/strong> Les oiseaux n\u00e9cessitent du temps, de l&#8217;attention, et une interaction r\u00e9guli\u00e8re avec leurs propri\u00e9taires.<br><strong>Bruit :<\/strong> Certains oiseaux peuvent \u00eatre bruyants, surtout les esp\u00e8ces qui ont une propension au cri. Cela peut \u00eatre un inconv\u00e9nient, en particulier dans les environnements urbains ou partag\u00e9s.<br><strong>Entretien des Plumes :<\/strong> Les oiseaux n\u00e9cessitent des soins particuliers pour leurs plumes. Certains propri\u00e9taires peuvent trouver fastidieux de nettoyer les d\u00e9bris de plumes et de fournir des bains r\u00e9guliers.<br><strong>Probl\u00e8mes Comportementaux :<\/strong> Certains oiseaux peuvent d\u00e9velopper des comportements probl\u00e9matiques. Tels que la plumerie excessive ou l&#8217;agressivit\u00e9 si leurs besoins \u00e9motionnels ne sont pas satisfaits.<br><strong>Sant\u00e9 Respiratoire :<\/strong> La poussi\u00e8re des plumes et les d\u00e9bris peuvent affecter la qualit\u00e9 de l&#8217;air et la sant\u00e9 respiratoire des personnes sensibles.<br><strong>Long\u00e9vit\u00e9<\/strong> <strong>:<\/strong> Alors que la long\u00e9vit\u00e9 peut offrir une relation durable et enrichissante avec votre animal de compagnie, elle exige \u00e9galement un engagement \u00e0 long terme de la part des propri\u00e9taires.<br><\/p>\n<\/div>\n<\/div>\n<\/div>\n<\/div>\n<\/div>\n\n\n\n<p>Avant d&#8217;<a href=\"https:\/\/jardinage.lemonde.fr\/dossiers-cat2-8-oiseaux.html\" target=\"_blank\" rel=\"noreferrer noopener\">adopter un oiseau,<\/a> il est essentiel de comprendre les besoins sp\u00e9cifiques de l&#8217;esp\u00e8ce envisag\u00e9e. Etre pr\u00eat \u00e0 consacrer du temps et des ressources \u00e0 leur bien-\u00eatre. L&#8217;\u00e9ducation, une cage appropri\u00e9e, une alimentation \u00e9quilibr\u00e9e, et une attention r\u00e9guli\u00e8re sont cruciales pour le bonheur et la sant\u00e9 des oiseaux de compagnie.<\/p>\n<\/div>\n\n\n\n\n\n<div class=\"wp-block-comments\">\n\n\n\n\t<div id=\"respond\" class=\"comment-respond wp-block-post-comments-form\">\n\t\t<h3 id=\"reply-title\" class=\"comment-reply-title\">Laisser un commentaire <small><a rel=\"nofollow\" id=\"cancel-comment-reply-link\" href=\"\/index.php\/wp-json\/wp\/v2\/pages\/54#respond\" style=\"display:none;\">Annuler la r\u00e9ponse<\/a><\/small><\/h3><form action=\"https:\/\/mdeo7.ifcmontpellier.fr\/wp-comments-post.php\" method=\"post\" id=\"commentform\" class=\"comment-form\"><p class=\"comment-notes\"><span id=\"email-notes\">Votre adresse e-mail ne sera pas publi\u00e9e.<\/span> <span class=\"required-field-message\">Les champs obligatoires sont indiqu\u00e9s avec <span class=\"required\">*<\/span><\/span><\/p><p class=\"comment-form-comment\"><label for=\"comment\">Commentaire <span class=\"required\">*<\/span><\/label> <textarea id=\"comment\" name=\"comment\" cols=\"45\" rows=\"8\" maxlength=\"65525\" required><\/textarea><\/p><p class=\"comment-form-author\"><label for=\"author\">Nom <span class=\"required\">*<\/span><\/label> <input id=\"author\" name=\"author\" type=\"text\" value=\"\" size=\"30\" maxlength=\"245\" autocomplete=\"name\" required \/><\/p>\n<p class=\"comment-form-email\"><label for=\"email\">E-mail <span class=\"required\">*<\/span><\/label> <input id=\"email\" name=\"email\" type=\"email\" value=\"\" size=\"30\" maxlength=\"100\" aria-describedby=\"email-notes\" autocomplete=\"email\" required \/><\/p>\n<p class=\"comment-form-url\"><label for=\"url\">Site web<\/label> <input id=\"url\" name=\"url\" type=\"url\" value=\"\" size=\"30\" maxlength=\"200\" autocomplete=\"url\" \/><\/p>\n<p class=\"comment-form-cookies-consent\"><input id=\"wp-comment-cookies-consent\" name=\"wp-comment-cookies-consent\" type=\"checkbox\" value=\"yes\" \/> <label for=\"wp-comment-cookies-consent\">Enregistrer mon nom, mon e-mail et mon site dans le navigateur pour mon prochain commentaire.<\/label><\/p>\n<p class=\"form-submit wp-block-button\"><input name=\"submit\" type=\"submit\" id=\"submit\" class=\"wp-block-button__link wp-element-button\" value=\"Laisser un commentaire\" \/> <input type='hidden' name='comment_post_ID' value='54' id='comment_post_ID' \/>\n<input type='hidden' name='comment_parent' id='comment_parent' value='0' \/>\n<\/p><\/form>\t<\/div><!-- #respond -->\n\t<\/div>\n","protected":false},"excerpt":{"rendered":"<p>Avoir un oiseaux de compagnie comme compagnon apporte son lot d&#8217;avantages et d&#8217;inconv\u00e9nients. Formant une relation particuli\u00e8re entre l&#8217;homme et son fid\u00e8le ami. Avantage : Intelligence et Interaction : Les oiseaux, en particulier les perroquets, sont connus pour leur intelligence. Leur capacit\u00e9 \u00e0 interagir avec leurs propri\u00e9taires, cr\u00e9ant ainsi des liens \u00e9troits.Chant M\u00e9lodieux : De [&hellip;]<\/p>\n","protected":false},"author":1,"featured_media":0,"parent":87,"menu_order":0,"comment_status":"open","ping_status":"closed","template":"page-no-title","meta":{"footnotes":""},"class_list":["post-54","page","type-page","status-publish","hentry"],"yoast_head":"<!-- This site is optimized with the Yoast SEO plugin v21.9.1 - https:\/\/yoast.com\/wordpress\/plugins\/seo\/ -->\n<title>Oiseaux de compagnie - Le Coin Calin<\/title>\n<meta name=\"description\" content=\"Retrouver notre s\u00e9lection d&#039;oiseaux, soigneusement \u00e9lev\u00e9 et soign\u00e9 par nos \u00e9leveurs agr\u00e9e. Oiseaux de compagnie\" \/>\n<meta name=\"robots\" content=\"noindex, follow, max-snippet:-1, max-image-preview:large, max-video-preview:-1\" \/>\n<meta property=\"og:locale\" content=\"fr_FR\" \/>\n<meta property=\"og:type\" content=\"article\" \/>\n<meta property=\"og:title\" content=\"Oiseaux de compagnie - Le Coin Calin\" \/>\n<meta property=\"og:description\" content=\"Retrouver notre s\u00e9lection d&#039;oiseaux, soigneusement \u00e9lev\u00e9 et soign\u00e9 par nos \u00e9leveurs agr\u00e9e. Oiseaux de compagnie\" \/>\n<meta property=\"og:url\" content=\"https:\/\/mdeo7.ifcmontpellier.fr\/index.php\/categories\/oiseaux-de-compagnie\/\" \/>\n<meta property=\"og:site_name\" content=\"Le Coin Calin\" \/>\n<meta property=\"article:modified_time\" content=\"2024-05-16T13:14:32+00:00\" \/>\n<meta property=\"og:image\" content=\"https:\/\/mdeo7.ifcmontpellier.fr\/wp-content\/uploads\/2024\/05\/oiseaux-couleurs-1.webp\" \/>\n<meta name=\"twitter:card\" content=\"summary_large_image\" \/>\n<meta name=\"twitter:label1\" content=\"Dur\u00e9e de lecture estim\u00e9e\" \/>\n\t<meta name=\"twitter:data1\" content=\"2 minutes\" \/>\n<script type=\"application\/ld+json\" class=\"yoast-schema-graph\">{\"@context\":\"https:\/\/schema.org\",\"@graph\":[{\"@type\":\"WebPage\",\"@id\":\"https:\/\/mdeo7.ifcmontpellier.fr\/index.php\/categories\/oiseaux-de-compagnie\/\",\"url\":\"https:\/\/mdeo7.ifcmontpellier.fr\/index.php\/categories\/oiseaux-de-compagnie\/\",\"name\":\"Oiseaux de compagnie - Le Coin Calin\",\"isPartOf\":{\"@id\":\"https:\/\/mdeo7.ifcmontpellier.fr\/#website\"},\"datePublished\":\"2024-01-04T08:31:32+00:00\",\"dateModified\":\"2024-05-16T13:14:32+00:00\",\"description\":\"Retrouver notre s\u00e9lection d'oiseaux, soigneusement \u00e9lev\u00e9 et soign\u00e9 par nos \u00e9leveurs agr\u00e9e. Oiseaux de compagnie\",\"breadcrumb\":{\"@id\":\"https:\/\/mdeo7.ifcmontpellier.fr\/index.php\/categories\/oiseaux-de-compagnie\/#breadcrumb\"},\"inLanguage\":\"fr-FR\",\"potentialAction\":[{\"@type\":\"ReadAction\",\"target\":[\"https:\/\/mdeo7.ifcmontpellier.fr\/index.php\/categories\/oiseaux-de-compagnie\/\"]}]},{\"@type\":\"BreadcrumbList\",\"@id\":\"https:\/\/mdeo7.ifcmontpellier.fr\/index.php\/categories\/oiseaux-de-compagnie\/#breadcrumb\",\"itemListElement\":[{\"@type\":\"ListItem\",\"position\":1,\"name\":\"Accueil\",\"item\":\"https:\/\/mdeo7.ifcmontpellier.fr\/\"},{\"@type\":\"ListItem\",\"position\":2,\"name\":\"Cat\u00e9gories\",\"item\":\"https:\/\/mdeo7.ifcmontpellier.fr\/index.php\/categories\/\"},{\"@type\":\"ListItem\",\"position\":3,\"name\":\"Oiseaux\"}]},{\"@type\":\"WebSite\",\"@id\":\"https:\/\/mdeo7.ifcmontpellier.fr\/#website\",\"url\":\"https:\/\/mdeo7.ifcmontpellier.fr\/\",\"name\":\"Le Coin Calin\",\"description\":\"Faire le bon choix pour vous accompagner au quotidien\",\"publisher\":{\"@id\":\"https:\/\/mdeo7.ifcmontpellier.fr\/#organization\"},\"potentialAction\":[{\"@type\":\"SearchAction\",\"target\":{\"@type\":\"EntryPoint\",\"urlTemplate\":\"https:\/\/mdeo7.ifcmontpellier.fr\/?s={search_term_string}\"},\"query-input\":\"required name=search_term_string\"}],\"inLanguage\":\"fr-FR\"},{\"@type\":\"Organization\",\"@id\":\"https:\/\/mdeo7.ifcmontpellier.fr\/#organization\",\"name\":\"Le Coin Calin\",\"url\":\"https:\/\/mdeo7.ifcmontpellier.fr\/\",\"logo\":{\"@type\":\"ImageObject\",\"inLanguage\":\"fr-FR\",\"@id\":\"https:\/\/mdeo7.ifcmontpellier.fr\/#\/schema\/logo\/image\/\",\"url\":\"https:\/\/mdeo7.ifcmontpellier.fr\/wp-content\/uploads\/2024\/05\/logo.webp\",\"contentUrl\":\"https:\/\/mdeo7.ifcmontpellier.fr\/wp-content\/uploads\/2024\/05\/logo.webp\",\"width\":512,\"height\":512,\"caption\":\"Le Coin Calin\"},\"image\":{\"@id\":\"https:\/\/mdeo7.ifcmontpellier.fr\/#\/schema\/logo\/image\/\"}}]}<\/script>\n<!-- \/ Yoast SEO plugin. -->","yoast_head_json":{"title":"Oiseaux de compagnie - Le Coin Calin","description":"Retrouver notre s\u00e9lection d'oiseaux, soigneusement \u00e9lev\u00e9 et soign\u00e9 par nos \u00e9leveurs agr\u00e9e. Oiseaux de compagnie","robots":{"index":"noindex","follow":"follow","max-snippet":"max-snippet:-1","max-image-preview":"max-image-preview:large","max-video-preview":"max-video-preview:-1"},"og_locale":"fr_FR","og_type":"article","og_title":"Oiseaux de compagnie - Le Coin Calin","og_description":"Retrouver notre s\u00e9lection d'oiseaux, soigneusement \u00e9lev\u00e9 et soign\u00e9 par nos \u00e9leveurs agr\u00e9e. Oiseaux de compagnie","og_url":"https:\/\/mdeo7.ifcmontpellier.fr\/index.php\/categories\/oiseaux-de-compagnie\/","og_site_name":"Le Coin Calin","article_modified_time":"2024-05-16T13:14:32+00:00","og_image":[{"url":"https:\/\/mdeo7.ifcmontpellier.fr\/wp-content\/uploads\/2024\/05\/oiseaux-couleurs-1.webp"}],"twitter_card":"summary_large_image","twitter_misc":{"Dur\u00e9e de lecture estim\u00e9e":"2 minutes"},"schema":{"@context":"https:\/\/schema.org","@graph":[{"@type":"WebPage","@id":"https:\/\/mdeo7.ifcmontpellier.fr\/index.php\/categories\/oiseaux-de-compagnie\/","url":"https:\/\/mdeo7.ifcmontpellier.fr\/index.php\/categories\/oiseaux-de-compagnie\/","name":"Oiseaux de compagnie - Le Coin Calin","isPartOf":{"@id":"https:\/\/mdeo7.ifcmontpellier.fr\/#website"},"datePublished":"2024-01-04T08:31:32+00:00","dateModified":"2024-05-16T13:14:32+00:00","description":"Retrouver notre s\u00e9lection d'oiseaux, soigneusement \u00e9lev\u00e9 et soign\u00e9 par nos \u00e9leveurs agr\u00e9e. Oiseaux de compagnie","breadcrumb":{"@id":"https:\/\/mdeo7.ifcmontpellier.fr\/index.php\/categories\/oiseaux-de-compagnie\/#breadcrumb"},"inLanguage":"fr-FR","potentialAction":[{"@type":"ReadAction","target":["https:\/\/mdeo7.ifcmontpellier.fr\/index.php\/categories\/oiseaux-de-compagnie\/"]}]},{"@type":"BreadcrumbList","@id":"https:\/\/mdeo7.ifcmontpellier.fr\/index.php\/categories\/oiseaux-de-compagnie\/#breadcrumb","itemListElement":[{"@type":"ListItem","position":1,"name":"Accueil","item":"https:\/\/mdeo7.ifcmontpellier.fr\/"},{"@type":"ListItem","position":2,"name":"Cat\u00e9gories","item":"https:\/\/mdeo7.ifcmontpellier.fr\/index.php\/categories\/"},{"@type":"ListItem","position":3,"name":"Oiseaux"}]},{"@type":"WebSite","@id":"https:\/\/mdeo7.ifcmontpellier.fr\/#website","url":"https:\/\/mdeo7.ifcmontpellier.fr\/","name":"Le Coin Calin","description":"Faire le bon choix pour vous accompagner au quotidien","publisher":{"@id":"https:\/\/mdeo7.ifcmontpellier.fr\/#organization"},"potentialAction":[{"@type":"SearchAction","target":{"@type":"EntryPoint","urlTemplate":"https:\/\/mdeo7.ifcmontpellier.fr\/?s={search_term_string}"},"query-input":"required name=search_term_string"}],"inLanguage":"fr-FR"},{"@type":"Organization","@id":"https:\/\/mdeo7.ifcmontpellier.fr\/#organization","name":"Le Coin Calin","url":"https:\/\/mdeo7.ifcmontpellier.fr\/","logo":{"@type":"ImageObject","inLanguage":"fr-FR","@id":"https:\/\/mdeo7.ifcmontpellier.fr\/#\/schema\/logo\/image\/","url":"https:\/\/mdeo7.ifcmontpellier.fr\/wp-content\/uploads\/2024\/05\/logo.webp","contentUrl":"https:\/\/mdeo7.ifcmontpellier.fr\/wp-content\/uploads\/2024\/05\/logo.webp","width":512,"height":512,"caption":"Le Coin Calin"},"image":{"@id":"https:\/\/mdeo7.ifcmontpellier.fr\/#\/schema\/logo\/image\/"}}]}},"jetpack_sharing_enabled":true,"_links":{"self":[{"href":"https:\/\/mdeo7.ifcmontpellier.fr\/index.php\/wp-json\/wp\/v2\/pages\/54","targetHints":{"allow":["GET"]}}],"collection":[{"href":"https:\/\/mdeo7.ifcmontpellier.fr\/index.php\/wp-json\/wp\/v2\/pages"}],"about":[{"href":"https:\/\/mdeo7.ifcmontpellier.fr\/index.php\/wp-json\/wp\/v2\/types\/page"}],"author":[{"embeddable":true,"href":"https:\/\/mdeo7.ifcmontpellier.fr\/index.php\/wp-json\/wp\/v2\/users\/1"}],"replies":[{"embeddable":true,"href":"https:\/\/mdeo7.ifcmontpellier.fr\/index.php\/wp-json\/wp\/v2\/comments?post=54"}],"version-history":[{"count":9,"href":"https:\/\/mdeo7.ifcmontpellier.fr\/index.php\/wp-json\/wp\/v2\/pages\/54\/revisions"}],"predecessor-version":[{"id":304,"href":"https:\/\/mdeo7.ifcmontpellier.fr\/index.php\/wp-json\/wp\/v2\/pages\/54\/revisions\/304"}],"up":[{"embeddable":true,"href":"https:\/\/mdeo7.ifcmontpellier.fr\/index.php\/wp-json\/wp\/v2\/pages\/87"}],"wp:attachment":[{"href":"https:\/\/mdeo7.ifcmontpellier.fr\/index.php\/wp-json\/wp\/v2\/media?parent=54"}],"curies":[{"name":"wp","href":"https:\/\/api.w.org\/{rel}","templated":true}]}}