{"id":11,"date":"2023-11-16T14:52:04","date_gmt":"2023-11-16T13:52:04","guid":{"rendered":"https:\/\/mdeo7.ifcmontpellier.fr\/?page_id=11"},"modified":"2024-05-16T14:43:07","modified_gmt":"2024-05-16T12:43:07","slug":"animal-de-compagnie","status":"publish","type":"page","link":"https:\/\/mdeo7.ifcmontpellier.fr\/index.php\/animal-de-compagnie\/","title":{"rendered":"Blog"},"content":{"rendered":"\n<div class=\"wp-block-cover alignfull is-light\"><span aria-hidden=\"true\" class=\"wp-block-cover__background has-background-dim\" style=\"background-color:#e0e5e1\"><\/span><img loading=\"lazy\" decoding=\"async\" width=\"512\" height=\"512\" class=\"wp-block-cover__image-background wp-image-277\" alt=\"cette image r\u00e9uni plein d'animaux diff\u00e9rents\" src=\"https:\/\/mdeo7.ifcmontpellier.fr\/wp-content\/uploads\/2024\/05\/animaux-de-compagnie-1.webp\" data-object-fit=\"cover\" srcset=\"https:\/\/mdeo7.ifcmontpellier.fr\/wp-content\/uploads\/2024\/05\/animaux-de-compagnie-1.webp 512w, https:\/\/mdeo7.ifcmontpellier.fr\/wp-content\/uploads\/2024\/05\/animaux-de-compagnie-1-300x300.webp 300w, https:\/\/mdeo7.ifcmontpellier.fr\/wp-content\/uploads\/2024\/05\/animaux-de-compagnie-1-150x150.webp 150w, https:\/\/mdeo7.ifcmontpellier.fr\/wp-content\/uploads\/2024\/05\/animaux-de-compagnie-1-100x100.webp 100w\" sizes=\"auto, (max-width: 512px) 100vw, 512px\" \/><div class=\"wp-block-cover__inner-container has-global-padding is-layout-constrained wp-block-cover-is-layout-constrained\">\n<p class=\"has-text-align-center has-large-font-size\">Blog<\/p>\n<\/div><\/div>\n\n\n\n<div class=\"wp-block-group alignfull has-base-background-color has-background has-global-padding is-layout-constrained wp-container-core-group-is-layout-d89aad35 wp-block-group-is-layout-constrained\" style=\"margin-top:0;margin-bottom:0;padding-top:var(--wp--preset--spacing--50);padding-right:var(--wp--preset--spacing--50);padding-bottom:var(--wp--preset--spacing--50);padding-left:var(--wp--preset--spacing--50)\">\n<div class=\"wp-block-columns alignwide is-layout-flex wp-container-core-columns-is-layout-549b0c86 wp-block-columns-is-layout-flex\">\n<div class=\"wp-block-column is-vertically-aligned-bottom is-layout-flow wp-container-core-column-is-layout-119bc444 wp-block-column-is-layout-flow\" style=\"flex-basis:60%\">\n<h2 class=\"wp-block-heading\"><strong>Quel animal de compagnie est fait pour vous ?<\/strong><\/h2>\n\n\n\n<p>Si vous recherchez un animal de compagnie ind\u00e9pendant et facile \u00e0 entretenir, un chat est un excellent choix. Si vous recherchez un animal de compagnie social et affectueux, un chien est un meilleur choix.<\/p>\n\n\n\n<div class=\"wp-block-group has-global-padding is-content-justification-right is-layout-constrained wp-container-core-group-is-layout-f1f2ed93 wp-block-group-is-layout-constrained\">\n<p>Voici quelques questions \u00e0 vous poser pour vous aider \u00e0 choisir entre un chat et un chien :<\/p>\n\n\n\n<ul class=\"wp-block-list\">\n<li>Quel est votre mode de vie ?<\/li>\n\n\n\n<li>Avez-vous le temps et l&#8217;\u00e9nergie pour accorder \u00e0 un animal de compagnie l&#8217;attention et les soins dont il a besoin ?<\/li>\n\n\n\n<li>Quels sont vos besoins en mati\u00e8re d&#8217;espace ?<\/li>\n\n\n\n<li>Avez-vous des enfants ou d&#8217;autres animaux de compagnie ?<\/li>\n<\/ul>\n\n\n\n<p>Si vous avez des doutes, vous pouvez toujours demander conseil \u00e0 un \u00e9leveur ou \u00e0 un refuge pour animaux.<\/p>\n\n\n\n<p><strong>Adopter un animal de compagnie<\/strong><\/p>\n\n\n\n<p>Lorsque vous adoptez un animal de compagnie, il est important de choisir un \u00e9leveur ou un refuge r\u00e9put\u00e9. Vous devez \u00e9galement vous assurer que l&#8217;animal est en bonne sant\u00e9 et qu&#8217;il a \u00e9t\u00e9 vaccin\u00e9 et vermifug\u00e9.<\/p>\n\n\n\n<p><strong>Conclusion<\/strong><\/p>\n\n\n\n<p>Les chats et les chiens sont des animaux de compagnie merveilleux qui peuvent apporter beaucoup de joie et de compagnie \u00e0 votre vie. En faisant des recherches et en choisissant l&#8217;animal qui vous convient, vous pouvez vous assurer qu&#8217;il aura une vie heureuse et \u00e9panouie.<\/p>\n<\/div>\n<\/div>\n<\/div>\n<\/div>\n\n\n\n<div class=\"wp-block-cover alignfull is-light has-parallax\" style=\"padding-top:var(--wp--preset--spacing--50);padding-right:var(--wp--preset--spacing--50);padding-bottom:var(--wp--preset--spacing--50);padding-left:var(--wp--preset--spacing--50);min-height:100vh;aspect-ratio:unset;\"><span aria-hidden=\"true\" class=\"wp-block-cover__background has-base-background-color has-background-dim-0 has-background-dim\"><\/span><div role=\"img\" aria-label=\"sur l'image il y a un chat et un chien en opposition, exemple d'animal de compagnie\" class=\"wp-block-cover__image-background wp-image-279 has-parallax\" style=\"background-position:50% 50%;background-image:url(https:\/\/mdeo7.ifcmontpellier.fr\/wp-content\/uploads\/2024\/05\/chien-vs-chat.webp)\"><\/div><div class=\"wp-block-cover__inner-container has-global-padding is-layout-constrained wp-container-core-cover-is-layout-e4fd886c wp-block-cover-is-layout-constrained\">\n<div style=\"height:500px\" aria-hidden=\"true\" class=\"wp-block-spacer\"><\/div>\n<\/div><\/div>\n\n\n\n<h2 class=\"wp-block-heading\"><strong>Chats et chiens : les meilleurs animaux de compagnie<\/strong><\/h2>\n\n\n\n<p>Les chats et les chiens sont les animaux de compagnie les plus populaires, appr\u00e9ci\u00e9s pour leur compagnie, affection et fid\u00e9lit\u00e9. Pourtant, avant d&#8217;adopter, conna\u00eetre les diff\u00e9rences est crucial.<\/p>\n\n\n\n<p><strong>Les chats<\/strong>, ind\u00e9pendants et affectueux, appr\u00e9cient jeux et bains de soleil. Ils sont faciles \u00e0 entretenir et adapt\u00e9s \u00e0 l&#8217;appartement.<\/p>\n\n\n\n<p>Les chats requi\u00e8rent une liti\u00e8re propre, une alimentation \u00e9quilibr\u00e9e, de l&#8217;eau fra\u00eeche, et des jouets pour s&#8217;occuper. Ils doivent absolument \u00eatre vaccin\u00e9s et vermifug\u00e9s r\u00e9guli\u00e8rement.<\/p>\n\n\n\n<p><strong>Les chiens<\/strong>, animaux sociaux et affectueux, appr\u00e9cient le jeu, l&#8217;exercice, et le temps avec leurs ma\u00eetres. <\/p>\n\n\n\n<p>Les chiens ont besoin de beaucoup d&#8217;exercice, d&#8217;une alimentation \u00e9quilibr\u00e9e et de soins r\u00e9guliers, tels que le brossage, le bain et les visites chez le v\u00e9t\u00e9rinaire.<\/p>\n\n\n\n<p><\/p>\n\n\n\n<p><\/p>\n\n\n\n<div class=\"wp-block-group alignfull has-base-2-color has-contrast-background-color has-text-color has-background has-link-color wp-elements-e6b0f5f1a6fc10fca98596eba22d0c96 has-global-padding is-layout-constrained wp-container-core-group-is-layout-facafb6f wp-block-group-is-layout-constrained\" style=\"margin-top:0;margin-bottom:0;padding-top:var(--wp--preset--spacing--50);padding-right:var(--wp--preset--spacing--50);padding-bottom:var(--wp--preset--spacing--50);padding-left:var(--wp--preset--spacing--50)\">\n<div class=\"wp-block-columns alignwide is-layout-flex wp-container-core-columns-is-layout-d1c656ed wp-block-columns-is-layout-flex\">\n<div class=\"wp-block-column is-vertically-aligned-stretch is-layout-flow wp-block-column-is-layout-flow\" style=\"padding-right:0;flex-basis:60%\">\n<figure class=\"wp-block-image size-full is-resized\"><img loading=\"lazy\" decoding=\"async\" width=\"512\" height=\"512\" src=\"https:\/\/mdeo7.ifcmontpellier.fr\/wp-content\/uploads\/2024\/05\/serpent-rose.webp\" alt=\"c'est l'image d'un serpent rouge exotique, exemple d'animal de compagnie\" class=\"wp-image-280\" style=\"width:640px;height:auto\" srcset=\"https:\/\/mdeo7.ifcmontpellier.fr\/wp-content\/uploads\/2024\/05\/serpent-rose.webp 512w, https:\/\/mdeo7.ifcmontpellier.fr\/wp-content\/uploads\/2024\/05\/serpent-rose-300x300.webp 300w, https:\/\/mdeo7.ifcmontpellier.fr\/wp-content\/uploads\/2024\/05\/serpent-rose-150x150.webp 150w, https:\/\/mdeo7.ifcmontpellier.fr\/wp-content\/uploads\/2024\/05\/serpent-rose-100x100.webp 100w\" sizes=\"auto, (max-width: 512px) 100vw, 512px\" \/><\/figure>\n\n\n\n<div class=\"wp-block-group is-vertical is-content-justification-stretch is-layout-flex wp-container-core-group-is-layout-ae24f51d wp-block-group-is-layout-flex\" style=\"min-height:100%\">\n<p class=\"has-medium-font-size\">Les animaux exotiques de compagnie peuvent \u00eatre des animaux de compagnie merveilleux, mais il est important de faire des recherches avant d&#8217;en acqu\u00e9rir un. En faisant le bon choix et en vous pr\u00e9parant \u00e0 fournir les soins appropri\u00e9s, vous pouvez profiter de nombreuses ann\u00e9es de compagnie avec votre animal exotique.<\/p>\n<\/div>\n<\/div>\n\n\n\n<div class=\"wp-block-column is-layout-flow wp-block-column-is-layout-flow\" style=\"flex-basis:40%\">\n<div class=\"wp-block-group has-global-padding is-layout-constrained wp-block-group-is-layout-constrained\">\n<p><strong>Quel animal exotique de compagnie choisir ?<\/strong><\/p>\n\n\n\n<p>Lorsque vous choisissez un animal exotique de compagnie, il est important de tenir compte de vos besoins et de votre mode de vie. Voici quelques questions \u00e0 vous poser :<\/p>\n\n\n\n<ul class=\"wp-block-list\">\n<li>Quel est votre niveau d&#8217;exp\u00e9rience avec les animaux ?<\/li>\n\n\n\n<li>Avez-vous le temps et l&#8217;\u00e9nergie pour accorder \u00e0 l&#8217;animal l&#8217;attention et les soins dont il a besoin ?<\/li>\n\n\n\n<li>Quel est votre budget ?<\/li>\n\n\n\n<li>Avez-vous des restrictions l\u00e9gales ?<\/li>\n<\/ul>\n\n\n\n<div class=\"wp-block-group is-layout-flow wp-block-group-is-layout-flow\">\n<figure class=\"wp-block-image size-full\"><img loading=\"lazy\" decoding=\"async\" width=\"512\" height=\"512\" src=\"https:\/\/mdeo7.ifcmontpellier.fr\/wp-content\/uploads\/2024\/05\/tripolonotus-gracilis.webp\" alt=\"c'est l'image d'un lezard de couleur noir, exotique qui est sur une branche d'arbre. exemple d'animal de compagnie\" class=\"wp-image-281\" srcset=\"https:\/\/mdeo7.ifcmontpellier.fr\/wp-content\/uploads\/2024\/05\/tripolonotus-gracilis.webp 512w, https:\/\/mdeo7.ifcmontpellier.fr\/wp-content\/uploads\/2024\/05\/tripolonotus-gracilis-300x300.webp 300w, https:\/\/mdeo7.ifcmontpellier.fr\/wp-content\/uploads\/2024\/05\/tripolonotus-gracilis-150x150.webp 150w, https:\/\/mdeo7.ifcmontpellier.fr\/wp-content\/uploads\/2024\/05\/tripolonotus-gracilis-100x100.webp 100w\" sizes=\"auto, (max-width: 512px) 100vw, 512px\" \/><\/figure>\n<\/div>\n<\/div>\n<\/div>\n<\/div>\n<\/div>\n\n\n\n<div class=\"wp-block-comments\">\n\n\n\n\t<div id=\"respond\" class=\"comment-respond wp-block-post-comments-form\">\n\t\t<h3 id=\"reply-title\" class=\"comment-reply-title\">Laisser un commentaire <small><a rel=\"nofollow\" id=\"cancel-comment-reply-link\" href=\"\/index.php\/wp-json\/wp\/v2\/pages\/11#respond\" style=\"display:none;\">Annuler la r\u00e9ponse<\/a><\/small><\/h3><form action=\"https:\/\/mdeo7.ifcmontpellier.fr\/wp-comments-post.php\" method=\"post\" id=\"commentform\" class=\"comment-form\"><p class=\"comment-notes\"><span id=\"email-notes\">Votre adresse e-mail ne sera pas publi\u00e9e.<\/span> <span class=\"required-field-message\">Les champs obligatoires sont indiqu\u00e9s avec <span class=\"required\">*<\/span><\/span><\/p><p class=\"comment-form-comment\"><label for=\"comment\">Commentaire <span class=\"required\">*<\/span><\/label> <textarea id=\"comment\" name=\"comment\" cols=\"45\" rows=\"8\" maxlength=\"65525\" required><\/textarea><\/p><p class=\"comment-form-author\"><label for=\"author\">Nom <span class=\"required\">*<\/span><\/label> <input id=\"author\" name=\"author\" type=\"text\" value=\"\" size=\"30\" maxlength=\"245\" autocomplete=\"name\" required \/><\/p>\n<p class=\"comment-form-email\"><label for=\"email\">E-mail <span class=\"required\">*<\/span><\/label> <input id=\"email\" name=\"email\" type=\"email\" value=\"\" size=\"30\" maxlength=\"100\" aria-describedby=\"email-notes\" autocomplete=\"email\" required \/><\/p>\n<p class=\"comment-form-url\"><label for=\"url\">Site web<\/label> <input id=\"url\" name=\"url\" type=\"url\" value=\"\" size=\"30\" maxlength=\"200\" autocomplete=\"url\" \/><\/p>\n<p class=\"comment-form-cookies-consent\"><input id=\"wp-comment-cookies-consent\" name=\"wp-comment-cookies-consent\" type=\"checkbox\" value=\"yes\" \/> <label for=\"wp-comment-cookies-consent\">Enregistrer mon nom, mon e-mail et mon site dans le navigateur pour mon prochain commentaire.<\/label><\/p>\n<p class=\"form-submit wp-block-button\"><input name=\"submit\" type=\"submit\" id=\"submit\" class=\"wp-block-button__link wp-element-button\" value=\"Laisser un commentaire\" \/> <input type='hidden' name='comment_post_ID' value='11' id='comment_post_ID' \/>\n<input type='hidden' name='comment_parent' id='comment_parent' value='0' \/>\n<\/p><\/form>\t<\/div><!-- #respond -->\n\t<\/div>\n","protected":false},"excerpt":{"rendered":"<p>Quel animal de compagnie est fait pour vous ? Si vous recherchez un animal de compagnie ind\u00e9pendant et facile \u00e0 entretenir, un chat est un excellent choix. Si vous recherchez un animal de compagnie social et affectueux, un chien est un meilleur choix. Voici quelques questions \u00e0 vous poser pour vous aider \u00e0 choisir entre [&hellip;]<\/p>\n","protected":false},"author":1,"featured_media":0,"parent":0,"menu_order":0,"comment_status":"open","ping_status":"closed","template":"page-no-title","meta":{"footnotes":""},"class_list":["post-11","page","type-page","status-publish","hentry"],"yoast_head":"<!-- This site is optimized with the Yoast SEO plugin v21.9.1 - https:\/\/yoast.com\/wordpress\/plugins\/seo\/ -->\n<title>animal de compagnie - Le Coin Calin<\/title>\n<meta name=\"description\" content=\"Blog animal de compagnie classique, mais aussi les animaux de compagnie exotique, tel que les serpents et les l\u00e9zards\" \/>\n<meta name=\"robots\" content=\"noindex, follow, max-snippet:-1, max-image-preview:large, max-video-preview:-1\" \/>\n<meta property=\"og:locale\" content=\"fr_FR\" \/>\n<meta property=\"og:type\" content=\"article\" \/>\n<meta property=\"og:title\" content=\"animal de compagnie - Le Coin Calin\" \/>\n<meta property=\"og:description\" content=\"Blog animal de compagnie classique, mais aussi les animaux de compagnie exotique, tel que les serpents et les l\u00e9zards\" \/>\n<meta property=\"og:url\" content=\"https:\/\/mdeo7.ifcmontpellier.fr\/index.php\/animal-de-compagnie\/\" \/>\n<meta property=\"og:site_name\" content=\"Le Coin Calin\" \/>\n<meta property=\"article:modified_time\" content=\"2024-05-16T12:43:07+00:00\" \/>\n<meta property=\"og:image\" content=\"https:\/\/mdeo7.ifcmontpellier.fr\/wp-content\/uploads\/2024\/05\/animaux-de-compagnie-1.webp\" \/>\n<meta name=\"twitter:card\" content=\"summary_large_image\" \/>\n<meta name=\"twitter:label1\" content=\"Dur\u00e9e de lecture estim\u00e9e\" \/>\n\t<meta name=\"twitter:data1\" content=\"3 minutes\" \/>\n<script type=\"application\/ld+json\" class=\"yoast-schema-graph\">{\"@context\":\"https:\/\/schema.org\",\"@graph\":[{\"@type\":\"WebPage\",\"@id\":\"https:\/\/mdeo7.ifcmontpellier.fr\/index.php\/animal-de-compagnie\/\",\"url\":\"https:\/\/mdeo7.ifcmontpellier.fr\/index.php\/animal-de-compagnie\/\",\"name\":\"animal de compagnie - Le Coin Calin\",\"isPartOf\":{\"@id\":\"https:\/\/mdeo7.ifcmontpellier.fr\/#website\"},\"datePublished\":\"2023-11-16T13:52:04+00:00\",\"dateModified\":\"2024-05-16T12:43:07+00:00\",\"description\":\"Blog animal de compagnie classique, mais aussi les animaux de compagnie exotique, tel que les serpents et les l\u00e9zards\",\"breadcrumb\":{\"@id\":\"https:\/\/mdeo7.ifcmontpellier.fr\/index.php\/animal-de-compagnie\/#breadcrumb\"},\"inLanguage\":\"fr-FR\",\"potentialAction\":[{\"@type\":\"ReadAction\",\"target\":[\"https:\/\/mdeo7.ifcmontpellier.fr\/index.php\/animal-de-compagnie\/\"]}]},{\"@type\":\"BreadcrumbList\",\"@id\":\"https:\/\/mdeo7.ifcmontpellier.fr\/index.php\/animal-de-compagnie\/#breadcrumb\",\"itemListElement\":[{\"@type\":\"ListItem\",\"position\":1,\"name\":\"Accueil\",\"item\":\"https:\/\/mdeo7.ifcmontpellier.fr\/\"},{\"@type\":\"ListItem\",\"position\":2,\"name\":\"Blog\"}]},{\"@type\":\"WebSite\",\"@id\":\"https:\/\/mdeo7.ifcmontpellier.fr\/#website\",\"url\":\"https:\/\/mdeo7.ifcmontpellier.fr\/\",\"name\":\"Le Coin Calin\",\"description\":\"Faire le bon choix pour vous accompagner au quotidien\",\"publisher\":{\"@id\":\"https:\/\/mdeo7.ifcmontpellier.fr\/#organization\"},\"potentialAction\":[{\"@type\":\"SearchAction\",\"target\":{\"@type\":\"EntryPoint\",\"urlTemplate\":\"https:\/\/mdeo7.ifcmontpellier.fr\/?s={search_term_string}\"},\"query-input\":\"required name=search_term_string\"}],\"inLanguage\":\"fr-FR\"},{\"@type\":\"Organization\",\"@id\":\"https:\/\/mdeo7.ifcmontpellier.fr\/#organization\",\"name\":\"Le Coin Calin\",\"url\":\"https:\/\/mdeo7.ifcmontpellier.fr\/\",\"logo\":{\"@type\":\"ImageObject\",\"inLanguage\":\"fr-FR\",\"@id\":\"https:\/\/mdeo7.ifcmontpellier.fr\/#\/schema\/logo\/image\/\",\"url\":\"https:\/\/mdeo7.ifcmontpellier.fr\/wp-content\/uploads\/2024\/05\/logo.webp\",\"contentUrl\":\"https:\/\/mdeo7.ifcmontpellier.fr\/wp-content\/uploads\/2024\/05\/logo.webp\",\"width\":512,\"height\":512,\"caption\":\"Le Coin Calin\"},\"image\":{\"@id\":\"https:\/\/mdeo7.ifcmontpellier.fr\/#\/schema\/logo\/image\/\"}}]}<\/script>\n<!-- \/ Yoast SEO plugin. -->","yoast_head_json":{"title":"animal de compagnie - Le Coin Calin","description":"Blog animal de compagnie classique, mais aussi les animaux de compagnie exotique, tel que les serpents et les l\u00e9zards","robots":{"index":"noindex","follow":"follow","max-snippet":"max-snippet:-1","max-image-preview":"max-image-preview:large","max-video-preview":"max-video-preview:-1"},"og_locale":"fr_FR","og_type":"article","og_title":"animal de compagnie - Le Coin Calin","og_description":"Blog animal de compagnie classique, mais aussi les animaux de compagnie exotique, tel que les serpents et les l\u00e9zards","og_url":"https:\/\/mdeo7.ifcmontpellier.fr\/index.php\/animal-de-compagnie\/","og_site_name":"Le Coin Calin","article_modified_time":"2024-05-16T12:43:07+00:00","og_image":[{"url":"https:\/\/mdeo7.ifcmontpellier.fr\/wp-content\/uploads\/2024\/05\/animaux-de-compagnie-1.webp"}],"twitter_card":"summary_large_image","twitter_misc":{"Dur\u00e9e de lecture estim\u00e9e":"3 minutes"},"schema":{"@context":"https:\/\/schema.org","@graph":[{"@type":"WebPage","@id":"https:\/\/mdeo7.ifcmontpellier.fr\/index.php\/animal-de-compagnie\/","url":"https:\/\/mdeo7.ifcmontpellier.fr\/index.php\/animal-de-compagnie\/","name":"animal de compagnie - Le Coin Calin","isPartOf":{"@id":"https:\/\/mdeo7.ifcmontpellier.fr\/#website"},"datePublished":"2023-11-16T13:52:04+00:00","dateModified":"2024-05-16T12:43:07+00:00","description":"Blog animal de compagnie classique, mais aussi les animaux de compagnie exotique, tel que les serpents et les l\u00e9zards","breadcrumb":{"@id":"https:\/\/mdeo7.ifcmontpellier.fr\/index.php\/animal-de-compagnie\/#breadcrumb"},"inLanguage":"fr-FR","potentialAction":[{"@type":"ReadAction","target":["https:\/\/mdeo7.ifcmontpellier.fr\/index.php\/animal-de-compagnie\/"]}]},{"@type":"BreadcrumbList","@id":"https:\/\/mdeo7.ifcmontpellier.fr\/index.php\/animal-de-compagnie\/#breadcrumb","itemListElement":[{"@type":"ListItem","position":1,"name":"Accueil","item":"https:\/\/mdeo7.ifcmontpellier.fr\/"},{"@type":"ListItem","position":2,"name":"Blog"}]},{"@type":"WebSite","@id":"https:\/\/mdeo7.ifcmontpellier.fr\/#website","url":"https:\/\/mdeo7.ifcmontpellier.fr\/","name":"Le Coin Calin","description":"Faire le bon choix pour vous accompagner au quotidien","publisher":{"@id":"https:\/\/mdeo7.ifcmontpellier.fr\/#organization"},"potentialAction":[{"@type":"SearchAction","target":{"@type":"EntryPoint","urlTemplate":"https:\/\/mdeo7.ifcmontpellier.fr\/?s={search_term_string}"},"query-input":"required name=search_term_string"}],"inLanguage":"fr-FR"},{"@type":"Organization","@id":"https:\/\/mdeo7.ifcmontpellier.fr\/#organization","name":"Le Coin Calin","url":"https:\/\/mdeo7.ifcmontpellier.fr\/","logo":{"@type":"ImageObject","inLanguage":"fr-FR","@id":"https:\/\/mdeo7.ifcmontpellier.fr\/#\/schema\/logo\/image\/","url":"https:\/\/mdeo7.ifcmontpellier.fr\/wp-content\/uploads\/2024\/05\/logo.webp","contentUrl":"https:\/\/mdeo7.ifcmontpellier.fr\/wp-content\/uploads\/2024\/05\/logo.webp","width":512,"height":512,"caption":"Le Coin Calin"},"image":{"@id":"https:\/\/mdeo7.ifcmontpellier.fr\/#\/schema\/logo\/image\/"}}]}},"jetpack_sharing_enabled":true,"_links":{"self":[{"href":"https:\/\/mdeo7.ifcmontpellier.fr\/index.php\/wp-json\/wp\/v2\/pages\/11","targetHints":{"allow":["GET"]}}],"collection":[{"href":"https:\/\/mdeo7.ifcmontpellier.fr\/index.php\/wp-json\/wp\/v2\/pages"}],"about":[{"href":"https:\/\/mdeo7.ifcmontpellier.fr\/index.php\/wp-json\/wp\/v2\/types\/page"}],"author":[{"embeddable":true,"href":"https:\/\/mdeo7.ifcmontpellier.fr\/index.php\/wp-json\/wp\/v2\/users\/1"}],"replies":[{"embeddable":true,"href":"https:\/\/mdeo7.ifcmontpellier.fr\/index.php\/wp-json\/wp\/v2\/comments?post=11"}],"version-history":[{"count":18,"href":"https:\/\/mdeo7.ifcmontpellier.fr\/index.php\/wp-json\/wp\/v2\/pages\/11\/revisions"}],"predecessor-version":[{"id":296,"href":"https:\/\/mdeo7.ifcmontpellier.fr\/index.php\/wp-json\/wp\/v2\/pages\/11\/revisions\/296"}],"wp:attachment":[{"href":"https:\/\/mdeo7.ifcmontpellier.fr\/index.php\/wp-json\/wp\/v2\/media?parent=11"}],"curies":[{"name":"wp","href":"https:\/\/api.w.org\/{rel}","templated":true}]}}